{"id":32,"date":"2022-08-22T23:50:58","date_gmt":"2022-08-22T23:50:58","guid":{"rendered":"https:\/\/pamedios.com\/?page_id=32"},"modified":"2026-02-27T14:55:36","modified_gmt":"2026-02-27T17:55:36","slug":"contact","status":"publish","type":"page","link":"https:\/\/pamedios.com\/en\/contact\/","title":{"rendered":"Contacto"},"content":{"rendered":"\t\t<div data-elementor-type=\"wp-page\" data-elementor-id=\"32\" class=\"elementor elementor-32\" data-elementor-post-type=\"page\">\n\t\t\t\t\t\t<section class=\"elementor-section elementor-top-section elementor-element elementor-element-9d5e37d elementor-reverse-mobile elementor-section-boxed elementor-section-height-default elementor-section-height-default\" data-id=\"9d5e37d\" data-element_type=\"section\" data-e-type=\"section\">\n\t\t\t\t\t\t<div class=\"elementor-container elementor-column-gap-default\">\n\t\t\t\t\t<div class=\"elementor-column elementor-col-50 elementor-top-column elementor-element elementor-element-dbd26d8\" data-id=\"dbd26d8\" data-element_type=\"column\" data-e-type=\"column\">\n\t\t\t<div class=\"elementor-widget-wrap elementor-element-populated\">\n\t\t\t\t\t\t<div class=\"elementor-element elementor-element-02c5e15 elementor-widget elementor-widget-wpforms\" data-id=\"02c5e15\" data-element_type=\"widget\" data-e-type=\"widget\" data-widget_type=\"wpforms.default\">\n\t\t\t\t<div class=\"elementor-widget-container\">\n\t\t\t\t\t<div class=\"wpforms-container wpforms-container-full wpforms-render-modern\" id=\"wpforms-377\"><form id=\"wpforms-form-377\" class=\"wpforms-validate wpforms-form wpforms-ajax-form\" data-formid=\"377\" method=\"post\" enctype=\"multipart\/form-data\" action=\"\/en\/wp-json\/wp\/v2\/pages\/32\" data-token=\"cc3760c14fad490a2607417d0cab5d08\" data-token-time=\"1776961766\"><noscript class=\"wpforms-error-noscript\">Please enable JavaScript in your browser to complete this form.<\/noscript><div id=\"wpforms-error-noscript\" style=\"display: none;\">Please enable JavaScript in your browser to complete this form.<\/div><div class=\"wpforms-field-container\"><div id=\"wpforms-377-field_0-container\" class=\"wpforms-field wpforms-field-name\" data-field-id=\"0\"><label class=\"wpforms-field-label wpforms-label-hide\" for=\"wpforms-377-field_0\" aria-hidden=\"false\">Nombre <span class=\"wpforms-required-label\" aria-hidden=\"true\">*<\/span><\/label><input type=\"text\" id=\"wpforms-377-field_0\" class=\"wpforms-field-large wpforms-field-required\" name=\"wpforms[fields][0]\" placeholder=\"Nombre*\" aria-errormessage=\"wpforms-377-field_0-error\" required><\/div><div id=\"wpforms-377-field_1-container\" class=\"wpforms-field wpforms-field-email\" data-field-id=\"1\"><label class=\"wpforms-field-label wpforms-label-hide\" for=\"wpforms-377-field_1\" aria-hidden=\"false\">Correo electr\u00f3nico <span class=\"wpforms-required-label\" aria-hidden=\"true\">*<\/span><\/label><input type=\"email\" id=\"wpforms-377-field_1\" class=\"wpforms-field-large wpforms-field-required\" name=\"wpforms[fields][1]\" placeholder=\"E-mail*\" spellcheck=\"false\" aria-errormessage=\"wpforms-377-field_1-error\" required><\/div><div id=\"wpforms-377-field_4-container\" class=\"wpforms-field wpforms-field-select wpforms-field-select-style-classic\" data-field-id=\"4\"><label class=\"wpforms-field-label wpforms-label-hide\" for=\"wpforms-377-field_4\" aria-hidden=\"false\">Desplegable<\/label><select id=\"wpforms-377-field_4\" class=\"wpforms-field-large\" name=\"wpforms[fields][4]\"><option value=\"\" class=\"placeholder\" disabled  selected='selected'>Selecciona un servicio<\/option><option value=\"Branding\"  class=\"choice-1 depth-1\"  >Branding<\/option><option value=\"Marketing Digital\"  class=\"choice-2 depth-1\"  >Marketing Digital<\/option><option value=\"Dise\u00f1o Web\"  class=\"choice-3 depth-1\"  >Dise\u00f1o Web<\/option><option value=\"Fotograf\u00eda\"  class=\"choice-5 depth-1\"  >Fotograf\u00eda<\/option><option value=\"Video generado por IA\"  class=\"choice-6 depth-1\"  >Video generado por IA<\/option><option value=\"Hosting\"  class=\"choice-4 depth-1\"  >Hosting<\/option><\/select><\/div><div id=\"wpforms-377-field_2-container\" class=\"wpforms-field wpforms-field-textarea\" data-field-id=\"2\"><label class=\"wpforms-field-label wpforms-label-hide\" for=\"wpforms-377-field_2\" aria-hidden=\"false\">Comentario o mensaje<\/label><textarea id=\"wpforms-377-field_2\" class=\"wpforms-field-medium\" name=\"wpforms[fields][2]\" placeholder=\"Consulta\" aria-errormessage=\"wpforms-377-field_2-error\" ><\/textarea><\/div><\/div><!-- .wpforms-field-container --><div class=\"wpforms-recaptcha-container wpforms-is-recaptcha wpforms-is-recaptcha-type-v2\" ><div class=\"g-recaptcha\" data-sitekey=\"6LdcNe4nAAAAADFHdG-QeLwsv0rEwHgE1CkR6zGl\"><\/div><input type=\"text\" name=\"g-recaptcha-hidden\" class=\"wpforms-recaptcha-hidden\" style=\"position:absolute!important;clip:rect(0,0,0,0)!important;height:1px!important;width:1px!important;border:0!important;overflow:hidden!important;padding:0!important;margin:0!important;\" data-rule-recaptcha=\"1\"><\/div><div class=\"wpforms-submit-container\" ><input type=\"hidden\" name=\"wpforms[id]\" value=\"377\"><input type=\"hidden\" name=\"page_title\" value=\"\"><input type=\"hidden\" name=\"page_url\" value=\"https:\/\/pamedios.com\/en\/wp-json\/wp\/v2\/pages\/32\"><input type=\"hidden\" name=\"url_referer\" value=\"\"><button type=\"submit\" name=\"wpforms[submit]\" id=\"wpforms-submit-377\" class=\"wpforms-submit\" data-alt-text=\"Enviando...\" data-submit-text=\"Enviar\" aria-live=\"assertive\" value=\"wpforms-submit\">Enviar<\/button><img decoding=\"async\" src=\"https:\/\/pamedios.com\/wp-content\/plugins\/wpforms-lite\/assets\/images\/submit-spin.svg\" class=\"wpforms-submit-spinner\" style=\"display: none;\" width=\"26\" height=\"26\" alt=\"Loading\"><\/div><\/form><\/div>  <!-- .wpforms-container -->\t\t\t\t<\/div>\n\t\t\t\t<\/div>\n\t\t\t\t\t<\/div>\n\t\t<\/div>\n\t\t\t\t<div class=\"elementor-column elementor-col-50 elementor-top-column elementor-element elementor-element-27e21d7\" data-id=\"27e21d7\" data-element_type=\"column\" data-e-type=\"column\">\n\t\t\t<div class=\"elementor-widget-wrap elementor-element-populated\">\n\t\t\t\t\t\t<div class=\"elementor-element elementor-element-2794050 elementor-widget elementor-widget-heading\" data-id=\"2794050\" data-element_type=\"widget\" data-e-type=\"widget\" data-widget_type=\"heading.default\">\n\t\t\t\t<div class=\"elementor-widget-container\">\n\t\t\t\t\t<h2 class=\"elementor-heading-title elementor-size-default\">Trabajemos juntos.<\/h2>\t\t\t\t<\/div>\n\t\t\t\t<\/div>\n\t\t\t\t<div class=\"elementor-element elementor-element-65170e0 elementor-widget elementor-widget-heading\" data-id=\"65170e0\" data-element_type=\"widget\" data-e-type=\"widget\" data-widget_type=\"heading.default\">\n\t\t\t\t<div class=\"elementor-widget-container\">\n\t\t\t\t\t<h1 class=\"elementor-heading-title elementor-size-default\">Acercanos tus dudas y consultas o solicit\u00e1 un presupuesto para ponernos a trabajar en alcanzar tus metas.<\/h1>\t\t\t\t<\/div>\n\t\t\t\t<\/div>\n\t\t\t\t<div class=\"elementor-element elementor-element-83ce8a4 elementor-widget elementor-widget-heading\" data-id=\"83ce8a4\" data-element_type=\"widget\" data-e-type=\"widget\" data-widget_type=\"heading.default\">\n\t\t\t\t<div class=\"elementor-widget-container\">\n\t\t\t\t\t<h3 class=\"elementor-heading-title elementor-size-default\"><span class=\"contact-list\">Tel\u00e9fono<\/span>&nbsp;&nbsp;7065-4298<\/h3>\t\t\t\t<\/div>\n\t\t\t\t<\/div>\n\t\t\t\t<div class=\"elementor-element elementor-element-073e271 elementor-widget elementor-widget-heading\" data-id=\"073e271\" data-element_type=\"widget\" data-e-type=\"widget\" data-widget_type=\"heading.default\">\n\t\t\t\t<div class=\"elementor-widget-container\">\n\t\t\t\t\t<h3 class=\"elementor-heading-title elementor-size-default\"><span class=\"contact-list\">Horario<\/span>&nbsp;&nbsp;Lunes a Viernes de 10:00 a 18:00<\/h3>\t\t\t\t<\/div>\n\t\t\t\t<\/div>\n\t\t\t\t<div class=\"elementor-element elementor-element-fc442e7 elementor-widget__width-auto elementor-widget elementor-widget-heading\" data-id=\"fc442e7\" data-element_type=\"widget\" data-e-type=\"widget\" data-widget_type=\"heading.default\">\n\t\t\t\t<div class=\"elementor-widget-container\">\n\t\t\t\t\t<h3 class=\"elementor-heading-title elementor-size-default\"><span class=\"contact-list\">Redes<\/span><\/h3>\t\t\t\t<\/div>\n\t\t\t\t<\/div>\n\t\t\t\t<div class=\"elementor-element elementor-element-d74927c e-grid-align-left e-grid-align-tablet-center elementor-widget__width-auto elementor-shape-rounded elementor-grid-0 elementor-widget elementor-widget-social-icons\" data-id=\"d74927c\" data-element_type=\"widget\" data-e-type=\"widget\" data-widget_type=\"social-icons.default\">\n\t\t\t\t<div class=\"elementor-widget-container\">\n\t\t\t\t\t\t\t<div class=\"elementor-social-icons-wrapper elementor-grid\" role=\"list\">\n\t\t\t\t\t\t\t<span class=\"elementor-grid-item\" role=\"listitem\">\n\t\t\t\t\t<a class=\"elementor-icon elementor-social-icon elementor-social-icon-facebook elementor-animation-grow elementor-repeater-item-84daf61\" href=\"https:\/\/www.facebook.com\/pamedios\" target=\"_blank\">\n\t\t\t\t\t\t<span class=\"elementor-screen-only\">Facebook<\/span>\n\t\t\t\t\t\t<i aria-hidden=\"true\" class=\"fab fa-facebook\"><\/i>\t\t\t\t\t<\/a>\n\t\t\t\t<\/span>\n\t\t\t\t\t\t\t<span class=\"elementor-grid-item\" role=\"listitem\">\n\t\t\t\t\t<a class=\"elementor-icon elementor-social-icon elementor-social-icon-instagram elementor-animation-grow elementor-repeater-item-abe383f\" href=\"https:\/\/instagram.com\/pamedios\" target=\"_blank\">\n\t\t\t\t\t\t<span class=\"elementor-screen-only\">Instagram<\/span>\n\t\t\t\t\t\t<i aria-hidden=\"true\" class=\"fab fa-instagram\"><\/i>\t\t\t\t\t<\/a>\n\t\t\t\t<\/span>\n\t\t\t\t\t\t\t<span class=\"elementor-grid-item\" role=\"listitem\">\n\t\t\t\t\t<a class=\"elementor-icon elementor-social-icon elementor-social-icon-linkedin elementor-animation-grow elementor-repeater-item-0dfca1d\" href=\"https:\/\/linkedin.com\/company\/pamedios\" target=\"_blank\">\n\t\t\t\t\t\t<span class=\"elementor-screen-only\">Linkedin<\/span>\n\t\t\t\t\t\t<i aria-hidden=\"true\" class=\"fab fa-linkedin\"><\/i>\t\t\t\t\t<\/a>\n\t\t\t\t<\/span>\n\t\t\t\t\t<\/div>\n\t\t\t\t\t\t<\/div>\n\t\t\t\t<\/div>\n\t\t\t\t<div class=\"elementor-element elementor-element-d07456d elementor-widget__width-auto elementor-widget elementor-widget-heading\" data-id=\"d07456d\" data-element_type=\"widget\" data-e-type=\"widget\" data-widget_type=\"heading.default\">\n\t\t\t\t<div class=\"elementor-widget-container\">\n\t\t\t\t\t<h3 class=\"elementor-heading-title elementor-size-default\">\/pamedios<\/h3>\t\t\t\t<\/div>\n\t\t\t\t<\/div>\n\t\t\t\t<div class=\"elementor-element elementor-element-36d4b2b elementor-widget elementor-widget-spacer\" data-id=\"36d4b2b\" data-element_type=\"widget\" data-e-type=\"widget\" data-widget_type=\"spacer.default\">\n\t\t\t\t<div class=\"elementor-widget-container\">\n\t\t\t\t\t\t\t<div class=\"elementor-spacer\">\n\t\t\t<div class=\"elementor-spacer-inner\"><\/div>\n\t\t<\/div>\n\t\t\t\t\t\t<\/div>\n\t\t\t\t<\/div>\n\t\t\t\t<div class=\"elementor-element elementor-element-d587f80 elementor-widget elementor-widget-button\" data-id=\"d587f80\" data-element_type=\"widget\" data-e-type=\"widget\" data-widget_type=\"button.default\">\n\t\t\t\t<div class=\"elementor-widget-container\">\n\t\t\t\t\t\t\t\t\t<div class=\"elementor-button-wrapper\">\n\t\t\t\t\t<a class=\"elementor-button elementor-button-link elementor-size-sm\" href=\"https:\/\/api.whatsapp.com\/send?phone=5491170654298&#038;text=Escrib%C3%AD%20tu%20consulta%20aca!\" target=\"_blank\">\n\t\t\t\t\t\t<span class=\"elementor-button-content-wrapper\">\n\t\t\t\t\t\t<span class=\"elementor-button-icon\">\n\t\t\t\t<i aria-hidden=\"true\" class=\"fab fa-whatsapp\"><\/i>\t\t\t<\/span>\n\t\t\t\t\t\t\t\t\t<span class=\"elementor-button-text\">Contacto Directo<\/span>\n\t\t\t\t\t<\/span>\n\t\t\t\t\t<\/a>\n\t\t\t\t<\/div>\n\t\t\t\t\t\t\t\t<\/div>\n\t\t\t\t<\/div>\n\t\t\t\t\t<\/div>\n\t\t<\/div>\n\t\t\t\t\t<\/div>\n\t\t<\/section>\n\t\t\t\t<\/div>\n\t\t","protected":false},"excerpt":{"rendered":"<p>Por favor, activa JavaScript en tu navegador para completar este formulario.Por favor, activa JavaScript en tu navegador para completar este formulario.Nombre *Correo electr\u00f3nico *DesplegableSelecciona un servicioBrandingMarketing DigitalDise\u00f1o WebFotograf\u00edaVideo generado por IAHostingComentario o mensaje Enviar Trabajemos juntos. Acercanos tus dudas y consultas o solicit\u00e1 un presupuesto para ponernos a trabajar en alcanzar tus metas. Tel\u00e9fono&nbsp;&nbsp;7065-4298 Horario&nbsp;&nbsp;Lunes [&hellip;]<\/p>\n","protected":false},"author":1,"featured_media":0,"parent":0,"menu_order":0,"comment_status":"closed","ping_status":"closed","template":"elementor_header_footer","meta":{"footnotes":""},"class_list":["post-32","page","type-page","status-publish","hentry"],"yoast_head":"<!-- This site is optimized with the Yoast SEO plugin v27.2 - https:\/\/yoast.com\/product\/yoast-seo-wordpress\/ -->\n<title>Contacto - PA Medios<\/title>\n<meta name=\"robots\" content=\"index, follow, max-snippet:-1, max-image-preview:large, max-video-preview:-1\" \/>\n<link rel=\"canonical\" href=\"https:\/\/pamedios.com\/en\/contact\/\" \/>\n<meta property=\"og:locale\" content=\"en_GB\" \/>\n<meta property=\"og:type\" content=\"article\" \/>\n<meta property=\"og:title\" content=\"Contacto - PA Medios\" \/>\n<meta property=\"og:description\" content=\"Por favor, activa JavaScript en tu navegador para completar este formulario.Por favor, activa JavaScript en tu navegador para completar este formulario.Nombre *Correo electr\u00f3nico *DesplegableSelecciona un servicioBrandingMarketing DigitalDise\u00f1o WebFotograf\u00edaVideo generado por IAHostingComentario o mensaje Enviar Trabajemos juntos. Acercanos tus dudas y consultas o solicit\u00e1 un presupuesto para ponernos a trabajar en alcanzar tus metas. Tel\u00e9fono&nbsp;&nbsp;7065-4298 Horario&nbsp;&nbsp;Lunes [&hellip;]\" \/>\n<meta property=\"og:url\" content=\"https:\/\/pamedios.com\/en\/contact\/\" \/>\n<meta property=\"og:site_name\" content=\"PA Medios\" \/>\n<meta property=\"article:publisher\" content=\"https:\/\/www.facebook.com\/pamedios\" \/>\n<meta property=\"article:modified_time\" content=\"2026-02-27T17:55:36+00:00\" \/>\n<meta property=\"og:image\" content=\"https:\/\/pamedios.com\/wp-content\/plugins\/wpforms-lite\/assets\/images\/submit-spin.svg\" \/>\n<meta name=\"twitter:card\" content=\"summary_large_image\" \/>\n<meta name=\"twitter:label1\" content=\"Estimated reading time\" \/>\n\t<meta name=\"twitter:data1\" content=\"1 minute\" \/>\n<script type=\"application\/ld+json\" class=\"yoast-schema-graph\">{\"@context\":\"https:\/\/schema.org\",\"@graph\":[{\"@type\":\"WebPage\",\"@id\":\"https:\/\/pamedios.com\/contact\/\",\"url\":\"https:\/\/pamedios.com\/contact\/\",\"name\":\"Contacto - PA Medios\",\"isPartOf\":{\"@id\":\"https:\/\/pamedios.com\/#website\"},\"primaryImageOfPage\":{\"@id\":\"https:\/\/pamedios.com\/contact\/#primaryimage\"},\"image\":{\"@id\":\"https:\/\/pamedios.com\/contact\/#primaryimage\"},\"thumbnailUrl\":\"https:\/\/pamedios.com\/wp-content\/plugins\/wpforms-lite\/assets\/images\/submit-spin.svg\",\"datePublished\":\"2022-08-22T23:50:58+00:00\",\"dateModified\":\"2026-02-27T17:55:36+00:00\",\"breadcrumb\":{\"@id\":\"https:\/\/pamedios.com\/contact\/#breadcrumb\"},\"inLanguage\":\"en-GB\",\"potentialAction\":[{\"@type\":\"ReadAction\",\"target\":[\"https:\/\/pamedios.com\/contact\/\"]}]},{\"@type\":\"ImageObject\",\"inLanguage\":\"en-GB\",\"@id\":\"https:\/\/pamedios.com\/contact\/#primaryimage\",\"url\":\"https:\/\/pamedios.com\/wp-content\/plugins\/wpforms-lite\/assets\/images\/submit-spin.svg\",\"contentUrl\":\"https:\/\/pamedios.com\/wp-content\/plugins\/wpforms-lite\/assets\/images\/submit-spin.svg\"},{\"@type\":\"BreadcrumbList\",\"@id\":\"https:\/\/pamedios.com\/contact\/#breadcrumb\",\"itemListElement\":[{\"@type\":\"ListItem\",\"position\":1,\"name\":\"Portada\",\"item\":\"https:\/\/pamedios.com\/\"},{\"@type\":\"ListItem\",\"position\":2,\"name\":\"Contacto\"}]},{\"@type\":\"WebSite\",\"@id\":\"https:\/\/pamedios.com\/#website\",\"url\":\"https:\/\/pamedios.com\/\",\"name\":\"PA Medios\",\"description\":\"Tu Equipo de Marketing Digital\",\"publisher\":{\"@id\":\"https:\/\/pamedios.com\/#organization\"},\"potentialAction\":[{\"@type\":\"SearchAction\",\"target\":{\"@type\":\"EntryPoint\",\"urlTemplate\":\"https:\/\/pamedios.com\/?s={search_term_string}\"},\"query-input\":{\"@type\":\"PropertyValueSpecification\",\"valueRequired\":true,\"valueName\":\"search_term_string\"}}],\"inLanguage\":\"en-GB\"},{\"@type\":\"Organization\",\"@id\":\"https:\/\/pamedios.com\/#organization\",\"name\":\"PA Medios\",\"url\":\"https:\/\/pamedios.com\/\",\"logo\":{\"@type\":\"ImageObject\",\"inLanguage\":\"en-GB\",\"@id\":\"https:\/\/pamedios.com\/#\/schema\/logo\/image\/\",\"url\":\"https:\/\/pamedios.com\/wp-content\/uploads\/2022\/08\/pa_medios-brand.png\",\"contentUrl\":\"https:\/\/pamedios.com\/wp-content\/uploads\/2022\/08\/pa_medios-brand.png\",\"width\":300,\"height\":87,\"caption\":\"PA Medios\"},\"image\":{\"@id\":\"https:\/\/pamedios.com\/#\/schema\/logo\/image\/\"},\"sameAs\":[\"https:\/\/www.facebook.com\/pamedios\",\"https:\/\/www.instagram.com\/pamedios\/\",\"https:\/\/www.linkedin.com\/company\/pamedios\/\"]}]}<\/script>\n<!-- \/ Yoast SEO plugin. -->","yoast_head_json":{"title":"Contacto - PA Medios","robots":{"index":"index","follow":"follow","max-snippet":"max-snippet:-1","max-image-preview":"max-image-preview:large","max-video-preview":"max-video-preview:-1"},"canonical":"https:\/\/pamedios.com\/en\/contact\/","og_locale":"en_GB","og_type":"article","og_title":"Contacto - PA Medios","og_description":"Por favor, activa JavaScript en tu navegador para completar este formulario.Por favor, activa JavaScript en tu navegador para completar este formulario.Nombre *Correo electr\u00f3nico *DesplegableSelecciona un servicioBrandingMarketing DigitalDise\u00f1o WebFotograf\u00edaVideo generado por IAHostingComentario o mensaje Enviar Trabajemos juntos. Acercanos tus dudas y consultas o solicit\u00e1 un presupuesto para ponernos a trabajar en alcanzar tus metas. Tel\u00e9fono&nbsp;&nbsp;7065-4298 Horario&nbsp;&nbsp;Lunes [&hellip;]","og_url":"https:\/\/pamedios.com\/en\/contact\/","og_site_name":"PA Medios","article_publisher":"https:\/\/www.facebook.com\/pamedios","article_modified_time":"2026-02-27T17:55:36+00:00","og_image":[{"url":"https:\/\/pamedios.com\/wp-content\/plugins\/wpforms-lite\/assets\/images\/submit-spin.svg","type":"","width":"","height":""}],"twitter_card":"summary_large_image","twitter_misc":{"Estimated reading time":"1 minute"},"schema":{"@context":"https:\/\/schema.org","@graph":[{"@type":"WebPage","@id":"https:\/\/pamedios.com\/contact\/","url":"https:\/\/pamedios.com\/contact\/","name":"Contacto - PA Medios","isPartOf":{"@id":"https:\/\/pamedios.com\/#website"},"primaryImageOfPage":{"@id":"https:\/\/pamedios.com\/contact\/#primaryimage"},"image":{"@id":"https:\/\/pamedios.com\/contact\/#primaryimage"},"thumbnailUrl":"https:\/\/pamedios.com\/wp-content\/plugins\/wpforms-lite\/assets\/images\/submit-spin.svg","datePublished":"2022-08-22T23:50:58+00:00","dateModified":"2026-02-27T17:55:36+00:00","breadcrumb":{"@id":"https:\/\/pamedios.com\/contact\/#breadcrumb"},"inLanguage":"en-GB","potentialAction":[{"@type":"ReadAction","target":["https:\/\/pamedios.com\/contact\/"]}]},{"@type":"ImageObject","inLanguage":"en-GB","@id":"https:\/\/pamedios.com\/contact\/#primaryimage","url":"https:\/\/pamedios.com\/wp-content\/plugins\/wpforms-lite\/assets\/images\/submit-spin.svg","contentUrl":"https:\/\/pamedios.com\/wp-content\/plugins\/wpforms-lite\/assets\/images\/submit-spin.svg"},{"@type":"BreadcrumbList","@id":"https:\/\/pamedios.com\/contact\/#breadcrumb","itemListElement":[{"@type":"ListItem","position":1,"name":"Portada","item":"https:\/\/pamedios.com\/"},{"@type":"ListItem","position":2,"name":"Contacto"}]},{"@type":"WebSite","@id":"https:\/\/pamedios.com\/#website","url":"https:\/\/pamedios.com\/","name":"PA Medios","description":"Tu Equipo de Marketing Digital","publisher":{"@id":"https:\/\/pamedios.com\/#organization"},"potentialAction":[{"@type":"SearchAction","target":{"@type":"EntryPoint","urlTemplate":"https:\/\/pamedios.com\/?s={search_term_string}"},"query-input":{"@type":"PropertyValueSpecification","valueRequired":true,"valueName":"search_term_string"}}],"inLanguage":"en-GB"},{"@type":"Organization","@id":"https:\/\/pamedios.com\/#organization","name":"PA Medios","url":"https:\/\/pamedios.com\/","logo":{"@type":"ImageObject","inLanguage":"en-GB","@id":"https:\/\/pamedios.com\/#\/schema\/logo\/image\/","url":"https:\/\/pamedios.com\/wp-content\/uploads\/2022\/08\/pa_medios-brand.png","contentUrl":"https:\/\/pamedios.com\/wp-content\/uploads\/2022\/08\/pa_medios-brand.png","width":300,"height":87,"caption":"PA Medios"},"image":{"@id":"https:\/\/pamedios.com\/#\/schema\/logo\/image\/"},"sameAs":["https:\/\/www.facebook.com\/pamedios","https:\/\/www.instagram.com\/pamedios\/","https:\/\/www.linkedin.com\/company\/pamedios\/"]}]}},"_links":{"self":[{"href":"https:\/\/pamedios.com\/en\/wp-json\/wp\/v2\/pages\/32","targetHints":{"allow":["GET"]}}],"collection":[{"href":"https:\/\/pamedios.com\/en\/wp-json\/wp\/v2\/pages"}],"about":[{"href":"https:\/\/pamedios.com\/en\/wp-json\/wp\/v2\/types\/page"}],"author":[{"embeddable":true,"href":"https:\/\/pamedios.com\/en\/wp-json\/wp\/v2\/users\/1"}],"replies":[{"embeddable":true,"href":"https:\/\/pamedios.com\/en\/wp-json\/wp\/v2\/comments?post=32"}],"version-history":[{"count":107,"href":"https:\/\/pamedios.com\/en\/wp-json\/wp\/v2\/pages\/32\/revisions"}],"predecessor-version":[{"id":2760,"href":"https:\/\/pamedios.com\/en\/wp-json\/wp\/v2\/pages\/32\/revisions\/2760"}],"wp:attachment":[{"href":"https:\/\/pamedios.com\/en\/wp-json\/wp\/v2\/media?parent=32"}],"curies":[{"name":"wp","href":"https:\/\/api.w.org\/{rel}","templated":true}]}}