{"id":3,"date":"2022-08-22T23:14:53","date_gmt":"2022-08-22T23:14:53","guid":{"rendered":"https:\/\/pamedios.com\/?page_id=3"},"modified":"2023-08-19T15:12:59","modified_gmt":"2023-08-19T18:12:59","slug":"politica-privacidad","status":"publish","type":"page","link":"https:\/\/pamedios.com\/en\/politica-privacidad\/","title":{"rendered":"Privacy Policy"},"content":{"rendered":"<h2 class=\"wp-block-heading\">Qui\u00e9nes somos<\/h2>\n\n\n\n<p>PA Medios es una agencia interdisciplinaria dedicada al marketing digital y el comercio electr\u00f3nico. La direcci\u00f3n de nuestra web es: https:\/\/pamedios.com.<\/p>\n\n\n\n<h2 class=\"wp-block-heading\">Comentarios<\/h2>\n\n\n\n<p>Cuando los visitantes dejan comentarios en la web, recopilamos los datos que se muestran en el formulario de comentarios, as\u00ed como la direcci\u00f3n IP del visitante y la cadena de agentes de usuario del navegador para ayudar a la detecci\u00f3n de spam.<\/p>\n\n\n\n<p>Una cadena an\u00f3nima creada a partir de tu direcci\u00f3n de correo electr\u00f3nico (tambi\u00e9n llamada hash) puede ser proporcionada al servicio de Gravatar para ver si la est\u00e1s usando. La pol\u00edtica de privacidad del servicio Gravatar est\u00e1 disponible aqu\u00ed: https:\/\/automattic.com\/privacy\/. Despu\u00e9s de la aprobaci\u00f3n de tu comentario, la imagen de tu perfil es visible para el p\u00fablico en el contexto de tu comentario.<\/p>\n\n\n\n<h2 class=\"wp-block-heading\">Cookies<\/h2>\n\n\n\n<p>Si deja un comentario en nuestro sitio puede elegir guardar su nombre, direcci\u00f3n de correo electr\u00f3nico y web en cookies. Esto es para su comodidad, para que no tenga que volver a rellenar sus datos cuando deje otro comentario. Estas cookies tendr\u00e1n una duraci\u00f3n de un a\u00f1o.<\/p>\n\n\n\n<p>Si tiene una cuenta y se conecta a este sitio, instalaremos una cookie temporal para determinar si su navegador acepta cookies. Esta cookie no contiene datos personales y se elimina al cerrar el navegador.<\/p>\n\n\n\n<p>Cuando acceda, tambi\u00e9n instalaremos varias cookies para guardar su informaci\u00f3n de acceso y sus opciones de visualizaci\u00f3n de pantalla. Las cookies de acceso duran dos d\u00edas, y las cookies de opciones de pantalla duran un a\u00f1o. Si selecciona \u00abRecu\u00e9rdarme\u00bb, su acceso perdurar\u00e1 durante dos semanas. Si sale de su cuenta, las cookies de acceso se eliminar\u00e1n.<\/p>\n\n\n\n<p>Si edita o publica un art\u00edculo se guardar\u00e1 una cookie adicional en su navegador. Esta cookie no incluye datos personales y simplemente indica el ID del art\u00edculo que acaba de editar. Caduca despu\u00e9s de 1 d\u00eda.<\/p>\n\n\n\n<h2 class=\"wp-block-heading\">Contenido incrustado de otros sitios web<\/h2>\n\n\n\n<p>Los art\u00edculos de este sitio pueden incluir contenido incrustado (por ejemplo, v\u00eddeos, im\u00e1genes, art\u00edculos, etc.). El contenido incrustado de otras webs se comporta exactamente de la misma manera que si el visitante hubiera visitado la otra web.<\/p>\n\n\n\n<p>Estas web pueden recopilar datos sobre usted, utilizar cookies, incrustar un seguimiento adicional de terceros, y supervisar su interacci\u00f3n con ese contenido incrustado, incluido el seguimiento de tu interacci\u00f3n con el contenido incrustado si tiene una cuenta y est\u00e1 conectado a esa web.<\/p>\n\n\n\n<h2 class=\"wp-block-heading\">Con qui\u00e9n compartimos sus datos<\/h2>\n\n\n\n<p>Si solicita un restablecimiento de contrase\u00f1a, su direcci\u00f3n IP ser\u00e1 incluida en el correo electr\u00f3nico de restablecimiento.<\/p>\n\n\n\n<h2 class=\"wp-block-heading\">Cu\u00e1nto tiempo conservamos sus datos<\/h2>\n\n\n\n<p>Si deja un comentario, el comentario y sus metadatos se conservan indefinidamente. Esto es para que podamos reconocer y aprobar comentarios sucesivos autom\u00e1ticamente, en lugar de mantenerlos en una cola de moderaci\u00f3n.<\/p>\n\n\n\n<p>De los usuarios que se registran en nuestra web (si los hay), tambi\u00e9n almacenamos la informaci\u00f3n personal que proporcionan en su perfil de usuario. Todos los usuarios pueden ver, editar o eliminar su informaci\u00f3n personal en cualquier momento (excepto que no pueden cambiar su nombre de usuario). Los administradores de la web tambi\u00e9n pueden ver y editar esa informaci\u00f3n.<\/p>\n\n\n\n<h2 class=\"wp-block-heading\">Qu\u00e9 derechos tienes sobre sus datos<\/h2>\n\n\n\n<p>Si tiene una cuenta o ha dejado comentarios en esta web, puede solicitar recibir un archivo de exportaci\u00f3n de los datos personales que tenemos sobre usted, incluyendo cualquier dato que nos haya proporcionado. Tambi\u00e9n puede solicitar que eliminemos cualquier dato personal que tengamos sobre usted. Esto no incluye ning\u00fan dato que estemos obligados a conservar con fines administrativos, legales o de seguridad.<\/p>\n\n\n\n<h2 class=\"wp-block-heading\">D\u00f3nde se env\u00edan sus datos<\/h2>\n\n\n\n<p>Los comentarios de los visitantes puede que los revise un servicio de detecci\u00f3n autom\u00e1tica de spam.<\/p>","protected":false},"excerpt":{"rendered":"<p>Qui\u00e9nes somos PA Medios es una agencia interdisciplinaria dedicada al marketing digital y el comercio electr\u00f3nico. La direcci\u00f3n de nuestra web es: https:\/\/pamedios.com. Comentarios Cuando los visitantes dejan comentarios en la web, recopilamos los datos que se muestran en el formulario de comentarios, as\u00ed como la direcci\u00f3n IP del visitante y la cadena de agentes [&hellip;]<\/p>\n","protected":false},"author":1,"featured_media":0,"parent":0,"menu_order":0,"comment_status":"closed","ping_status":"open","template":"","meta":{"footnotes":""},"class_list":["post-3","page","type-page","status-publish","hentry"],"yoast_head":"<!-- This site is optimized with the Yoast SEO plugin v27.2 - https:\/\/yoast.com\/product\/yoast-seo-wordpress\/ -->\n<title>Pol\u00edtica de privacidad - PA Medios - Tu Equipo de Marketing Digital<\/title>\n<meta name=\"robots\" content=\"index, follow, max-snippet:-1, max-image-preview:large, max-video-preview:-1\" \/>\n<link rel=\"canonical\" href=\"https:\/\/pamedios.com\/en\/politica-privacidad\/\" \/>\n<meta property=\"og:locale\" content=\"en_GB\" \/>\n<meta property=\"og:type\" content=\"article\" \/>\n<meta property=\"og:title\" content=\"Pol\u00edtica de privacidad - PA Medios - Tu Equipo de Marketing Digital\" \/>\n<meta property=\"og:description\" content=\"Qui\u00e9nes somos PA Medios es una agencia interdisciplinaria dedicada al marketing digital y el comercio electr\u00f3nico. La direcci\u00f3n de nuestra web es: https:\/\/pamedios.com. Comentarios Cuando los visitantes dejan comentarios en la web, recopilamos los datos que se muestran en el formulario de comentarios, as\u00ed como la direcci\u00f3n IP del visitante y la cadena de agentes [&hellip;]\" \/>\n<meta property=\"og:url\" content=\"https:\/\/pamedios.com\/en\/politica-privacidad\/\" \/>\n<meta property=\"og:site_name\" content=\"PA Medios\" \/>\n<meta property=\"article:publisher\" content=\"https:\/\/www.facebook.com\/pamedios\" \/>\n<meta property=\"article:modified_time\" content=\"2023-08-19T18:12:59+00:00\" \/>\n<meta name=\"twitter:card\" content=\"summary_large_image\" \/>\n<meta name=\"twitter:label1\" content=\"Estimated reading time\" \/>\n\t<meta name=\"twitter:data1\" content=\"3 minutes\" \/>\n<script type=\"application\/ld+json\" class=\"yoast-schema-graph\">{\"@context\":\"https:\/\/schema.org\",\"@graph\":[{\"@type\":\"WebPage\",\"@id\":\"https:\/\/pamedios.com\/politica-privacidad\/\",\"url\":\"https:\/\/pamedios.com\/politica-privacidad\/\",\"name\":\"Pol\u00edtica de privacidad - PA Medios - Tu Equipo de Marketing Digital\",\"isPartOf\":{\"@id\":\"https:\/\/pamedios.com\/#website\"},\"datePublished\":\"2022-08-22T23:14:53+00:00\",\"dateModified\":\"2023-08-19T18:12:59+00:00\",\"breadcrumb\":{\"@id\":\"https:\/\/pamedios.com\/politica-privacidad\/#breadcrumb\"},\"inLanguage\":\"en-GB\",\"potentialAction\":[{\"@type\":\"ReadAction\",\"target\":[\"https:\/\/pamedios.com\/politica-privacidad\/\"]}]},{\"@type\":\"BreadcrumbList\",\"@id\":\"https:\/\/pamedios.com\/politica-privacidad\/#breadcrumb\",\"itemListElement\":[{\"@type\":\"ListItem\",\"position\":1,\"name\":\"Portada\",\"item\":\"https:\/\/pamedios.com\/\"},{\"@type\":\"ListItem\",\"position\":2,\"name\":\"Pol\u00edtica de privacidad\"}]},{\"@type\":\"WebSite\",\"@id\":\"https:\/\/pamedios.com\/#website\",\"url\":\"https:\/\/pamedios.com\/\",\"name\":\"PA Medios\",\"description\":\"Tu Equipo de Marketing Digital\",\"publisher\":{\"@id\":\"https:\/\/pamedios.com\/#organization\"},\"potentialAction\":[{\"@type\":\"SearchAction\",\"target\":{\"@type\":\"EntryPoint\",\"urlTemplate\":\"https:\/\/pamedios.com\/?s={search_term_string}\"},\"query-input\":{\"@type\":\"PropertyValueSpecification\",\"valueRequired\":true,\"valueName\":\"search_term_string\"}}],\"inLanguage\":\"en-GB\"},{\"@type\":\"Organization\",\"@id\":\"https:\/\/pamedios.com\/#organization\",\"name\":\"PA Medios\",\"url\":\"https:\/\/pamedios.com\/\",\"logo\":{\"@type\":\"ImageObject\",\"inLanguage\":\"en-GB\",\"@id\":\"https:\/\/pamedios.com\/#\/schema\/logo\/image\/\",\"url\":\"https:\/\/pamedios.com\/wp-content\/uploads\/2022\/08\/pa_medios-brand.png\",\"contentUrl\":\"https:\/\/pamedios.com\/wp-content\/uploads\/2022\/08\/pa_medios-brand.png\",\"width\":300,\"height\":87,\"caption\":\"PA Medios\"},\"image\":{\"@id\":\"https:\/\/pamedios.com\/#\/schema\/logo\/image\/\"},\"sameAs\":[\"https:\/\/www.facebook.com\/pamedios\",\"https:\/\/www.instagram.com\/pamedios\/\",\"https:\/\/www.linkedin.com\/company\/pamedios\/\"]}]}<\/script>\n<!-- \/ Yoast SEO plugin. -->","yoast_head_json":{"title":"Pol\u00edtica de privacidad - PA Medios - Tu Equipo de Marketing Digital","robots":{"index":"index","follow":"follow","max-snippet":"max-snippet:-1","max-image-preview":"max-image-preview:large","max-video-preview":"max-video-preview:-1"},"canonical":"https:\/\/pamedios.com\/en\/politica-privacidad\/","og_locale":"en_GB","og_type":"article","og_title":"Pol\u00edtica de privacidad - PA Medios - Tu Equipo de Marketing Digital","og_description":"Qui\u00e9nes somos PA Medios es una agencia interdisciplinaria dedicada al marketing digital y el comercio electr\u00f3nico. La direcci\u00f3n de nuestra web es: https:\/\/pamedios.com. Comentarios Cuando los visitantes dejan comentarios en la web, recopilamos los datos que se muestran en el formulario de comentarios, as\u00ed como la direcci\u00f3n IP del visitante y la cadena de agentes [&hellip;]","og_url":"https:\/\/pamedios.com\/en\/politica-privacidad\/","og_site_name":"PA Medios","article_publisher":"https:\/\/www.facebook.com\/pamedios","article_modified_time":"2023-08-19T18:12:59+00:00","twitter_card":"summary_large_image","twitter_misc":{"Estimated reading time":"3 minutes"},"schema":{"@context":"https:\/\/schema.org","@graph":[{"@type":"WebPage","@id":"https:\/\/pamedios.com\/politica-privacidad\/","url":"https:\/\/pamedios.com\/politica-privacidad\/","name":"Pol\u00edtica de privacidad - PA Medios - Tu Equipo de Marketing Digital","isPartOf":{"@id":"https:\/\/pamedios.com\/#website"},"datePublished":"2022-08-22T23:14:53+00:00","dateModified":"2023-08-19T18:12:59+00:00","breadcrumb":{"@id":"https:\/\/pamedios.com\/politica-privacidad\/#breadcrumb"},"inLanguage":"en-GB","potentialAction":[{"@type":"ReadAction","target":["https:\/\/pamedios.com\/politica-privacidad\/"]}]},{"@type":"BreadcrumbList","@id":"https:\/\/pamedios.com\/politica-privacidad\/#breadcrumb","itemListElement":[{"@type":"ListItem","position":1,"name":"Portada","item":"https:\/\/pamedios.com\/"},{"@type":"ListItem","position":2,"name":"Pol\u00edtica de privacidad"}]},{"@type":"WebSite","@id":"https:\/\/pamedios.com\/#website","url":"https:\/\/pamedios.com\/","name":"PA Medios","description":"Tu Equipo de Marketing Digital","publisher":{"@id":"https:\/\/pamedios.com\/#organization"},"potentialAction":[{"@type":"SearchAction","target":{"@type":"EntryPoint","urlTemplate":"https:\/\/pamedios.com\/?s={search_term_string}"},"query-input":{"@type":"PropertyValueSpecification","valueRequired":true,"valueName":"search_term_string"}}],"inLanguage":"en-GB"},{"@type":"Organization","@id":"https:\/\/pamedios.com\/#organization","name":"PA Medios","url":"https:\/\/pamedios.com\/","logo":{"@type":"ImageObject","inLanguage":"en-GB","@id":"https:\/\/pamedios.com\/#\/schema\/logo\/image\/","url":"https:\/\/pamedios.com\/wp-content\/uploads\/2022\/08\/pa_medios-brand.png","contentUrl":"https:\/\/pamedios.com\/wp-content\/uploads\/2022\/08\/pa_medios-brand.png","width":300,"height":87,"caption":"PA Medios"},"image":{"@id":"https:\/\/pamedios.com\/#\/schema\/logo\/image\/"},"sameAs":["https:\/\/www.facebook.com\/pamedios","https:\/\/www.instagram.com\/pamedios\/","https:\/\/www.linkedin.com\/company\/pamedios\/"]}]}},"_links":{"self":[{"href":"https:\/\/pamedios.com\/en\/wp-json\/wp\/v2\/pages\/3","targetHints":{"allow":["GET"]}}],"collection":[{"href":"https:\/\/pamedios.com\/en\/wp-json\/wp\/v2\/pages"}],"about":[{"href":"https:\/\/pamedios.com\/en\/wp-json\/wp\/v2\/types\/page"}],"author":[{"embeddable":true,"href":"https:\/\/pamedios.com\/en\/wp-json\/wp\/v2\/users\/1"}],"replies":[{"embeddable":true,"href":"https:\/\/pamedios.com\/en\/wp-json\/wp\/v2\/comments?post=3"}],"version-history":[{"count":9,"href":"https:\/\/pamedios.com\/en\/wp-json\/wp\/v2\/pages\/3\/revisions"}],"predecessor-version":[{"id":819,"href":"https:\/\/pamedios.com\/en\/wp-json\/wp\/v2\/pages\/3\/revisions\/819"}],"wp:attachment":[{"href":"https:\/\/pamedios.com\/en\/wp-json\/wp\/v2\/media?parent=3"}],"curies":[{"name":"wp","href":"https:\/\/api.w.org\/{rel}","templated":true}]}}